{"id":584,"date":"2020-05-18T17:13:13","date_gmt":"2020-05-18T17:13:13","guid":{"rendered":"https:\/\/rutillustration.com\/?page_id=584"},"modified":"2021-03-22T15:07:25","modified_gmt":"2021-03-22T15:07:25","slug":"downloads","status":"publish","type":"page","link":"https:\/\/rutillustration.com\/index.php\/downloads\/","title":{"rendered":"Downloads"},"content":{"rendered":"\n<p class=\"has-text-align-center\"><a href=\"https:\/\/rutillustration.com\/downloads\/RECORTABLES.pdf\">Pincha aqu\u00ed para descargar<\/a><\/p>\n\n\n\n<figure class=\"wp-block-image size-full\"><img data-attachment-id=\"585\" data-permalink=\"https:\/\/rutillustration.com\/index.php\/downloads\/post-recortables-72-2048\/\" data-orig-file=\"https:\/\/i0.wp.com\/rutillustration.com\/wp-content\/uploads\/2020\/05\/POST-RECORTABLES-72-2048.jpg?fit=2048%2C2048&amp;ssl=1\" data-orig-size=\"2048,2048\" data-comments-opened=\"0\" data-image-meta=\"{&quot;aperture&quot;:&quot;0&quot;,&quot;credit&quot;:&quot;&quot;,&quot;camera&quot;:&quot;&quot;,&quot;caption&quot;:&quot;&quot;,&quot;created_timestamp&quot;:&quot;0&quot;,&quot;copyright&quot;:&quot;&quot;,&quot;focal_length&quot;:&quot;0&quot;,&quot;iso&quot;:&quot;0&quot;,&quot;shutter_speed&quot;:&quot;0&quot;,&quot;title&quot;:&quot;&quot;,&quot;orientation&quot;:&quot;1&quot;}\" data-image-title=\"POST RECORTABLES-72-2048\" data-image-description=\"\" data-medium-file=\"https:\/\/i0.wp.com\/rutillustration.com\/wp-content\/uploads\/2020\/05\/POST-RECORTABLES-72-2048.jpg?fit=300%2C300&amp;ssl=1\" data-large-file=\"https:\/\/i0.wp.com\/rutillustration.com\/wp-content\/uploads\/2020\/05\/POST-RECORTABLES-72-2048.jpg?fit=800%2C800&amp;ssl=1\" loading=\"lazy\" width=\"2048\" height=\"2048\" src=\"https:\/\/i0.wp.com\/rutillustration.com\/wp-content\/uploads\/2020\/05\/POST-RECORTABLES-72-2048.jpg?fit=2048%2C2048&amp;ssl=1\" alt=\"\" class=\"wp-image-585\" srcset=\"https:\/\/i0.wp.com\/rutillustration.com\/wp-content\/uploads\/2020\/05\/POST-RECORTABLES-72-2048.jpg?w=2048&amp;ssl=1 2048w, https:\/\/i0.wp.com\/rutillustration.com\/wp-content\/uploads\/2020\/05\/POST-RECORTABLES-72-2048.jpg?resize=150%2C150&amp;ssl=1 150w, https:\/\/i0.wp.com\/rutillustration.com\/wp-content\/uploads\/2020\/05\/POST-RECORTABLES-72-2048.jpg?resize=300%2C300&amp;ssl=1 300w, https:\/\/i0.wp.com\/rutillustration.com\/wp-content\/uploads\/2020\/05\/POST-RECORTABLES-72-2048.jpg?resize=768%2C768&amp;ssl=1 768w, https:\/\/i0.wp.com\/rutillustration.com\/wp-content\/uploads\/2020\/05\/POST-RECORTABLES-72-2048.jpg?resize=1024%2C1024&amp;ssl=1 1024w, https:\/\/i0.wp.com\/rutillustration.com\/wp-content\/uploads\/2020\/05\/POST-RECORTABLES-72-2048.jpg?w=1600&amp;ssl=1 1600w\" sizes=\"(max-width: 800px) 100vw, 800px\" \/><\/figure>\n\n\n\n<p><\/p>\n\n\n\n<p class=\"has-text-align-center\"><a href=\"https:\/\/rutillustration.com\/downloads\/TAPON_IMAN_NEVERA.pdf\">Pincha aqu\u00ed para descargar<\/a><\/p>\n\n\n\n<figure class=\"wp-block-image size-full\"><img data-attachment-id=\"603\" data-permalink=\"https:\/\/rutillustration.com\/index.php\/downloads\/post-iman-72-2048\/\" data-orig-file=\"https:\/\/i0.wp.com\/rutillustration.com\/wp-content\/uploads\/2020\/05\/POST-IMAN-72-2048.jpg?fit=2048%2C2048&amp;ssl=1\" data-orig-size=\"2048,2048\" data-comments-opened=\"0\" data-image-meta=\"{&quot;aperture&quot;:&quot;0&quot;,&quot;credit&quot;:&quot;&quot;,&quot;camera&quot;:&quot;&quot;,&quot;caption&quot;:&quot;&quot;,&quot;created_timestamp&quot;:&quot;0&quot;,&quot;copyright&quot;:&quot;&quot;,&quot;focal_length&quot;:&quot;0&quot;,&quot;iso&quot;:&quot;0&quot;,&quot;shutter_speed&quot;:&quot;0&quot;,&quot;title&quot;:&quot;&quot;,&quot;orientation&quot;:&quot;1&quot;}\" data-image-title=\"POST IMAN-72-2048\" data-image-description=\"\" data-medium-file=\"https:\/\/i0.wp.com\/rutillustration.com\/wp-content\/uploads\/2020\/05\/POST-IMAN-72-2048.jpg?fit=300%2C300&amp;ssl=1\" data-large-file=\"https:\/\/i0.wp.com\/rutillustration.com\/wp-content\/uploads\/2020\/05\/POST-IMAN-72-2048.jpg?fit=800%2C800&amp;ssl=1\" loading=\"lazy\" width=\"2048\" height=\"2048\" src=\"https:\/\/i0.wp.com\/rutillustration.com\/wp-content\/uploads\/2020\/05\/POST-IMAN-72-2048.jpg?fit=2048%2C2048&amp;ssl=1\" alt=\"\" class=\"wp-image-603\" srcset=\"https:\/\/i0.wp.com\/rutillustration.com\/wp-content\/uploads\/2020\/05\/POST-IMAN-72-2048.jpg?w=2048&amp;ssl=1 2048w, https:\/\/i0.wp.com\/rutillustration.com\/wp-content\/uploads\/2020\/05\/POST-IMAN-72-2048.jpg?resize=150%2C150&amp;ssl=1 150w, https:\/\/i0.wp.com\/rutillustration.com\/wp-content\/uploads\/2020\/05\/POST-IMAN-72-2048.jpg?resize=300%2C300&amp;ssl=1 300w, https:\/\/i0.wp.com\/rutillustration.com\/wp-content\/uploads\/2020\/05\/POST-IMAN-72-2048.jpg?resize=768%2C768&amp;ssl=1 768w, https:\/\/i0.wp.com\/rutillustration.com\/wp-content\/uploads\/2020\/05\/POST-IMAN-72-2048.jpg?resize=1024%2C1024&amp;ssl=1 1024w, https:\/\/i0.wp.com\/rutillustration.com\/wp-content\/uploads\/2020\/05\/POST-IMAN-72-2048.jpg?w=1600&amp;ssl=1 1600w\" sizes=\"(max-width: 800px) 100vw, 800px\" \/><\/figure>\n\n\n\n<p><\/p>\n\n\n\n<p class=\"has-text-align-center\"><a href=\"https:\/\/rutillustration.com\/downloads\/MANUALIDAD_DIA_DEL_AGUA.pdf\">Pincha aqu\u00ed para descargar<\/a><\/p>\n\n\n\n<figure class=\"wp-block-image size-full\"><img data-attachment-id=\"767\" data-permalink=\"https:\/\/rutillustration.com\/index.php\/downloads\/manualidad-dia-del-agua\/\" data-orig-file=\"https:\/\/i1.wp.com\/rutillustration.com\/wp-content\/uploads\/2021\/03\/MANUALIDAD-DIA-DEL-AGUA.jpg?fit=2048%2C2048&amp;ssl=1\" data-orig-size=\"2048,2048\" data-comments-opened=\"0\" data-image-meta=\"{&quot;aperture&quot;:&quot;0&quot;,&quot;credit&quot;:&quot;&quot;,&quot;camera&quot;:&quot;&quot;,&quot;caption&quot;:&quot;&quot;,&quot;created_timestamp&quot;:&quot;0&quot;,&quot;copyright&quot;:&quot;&quot;,&quot;focal_length&quot;:&quot;0&quot;,&quot;iso&quot;:&quot;0&quot;,&quot;shutter_speed&quot;:&quot;0&quot;,&quot;title&quot;:&quot;&quot;,&quot;orientation&quot;:&quot;1&quot;}\" data-image-title=\"MANUALIDAD-DIA-DEL-AGUA\" data-image-description=\"\" data-medium-file=\"https:\/\/i1.wp.com\/rutillustration.com\/wp-content\/uploads\/2021\/03\/MANUALIDAD-DIA-DEL-AGUA.jpg?fit=300%2C300&amp;ssl=1\" data-large-file=\"https:\/\/i1.wp.com\/rutillustration.com\/wp-content\/uploads\/2021\/03\/MANUALIDAD-DIA-DEL-AGUA.jpg?fit=800%2C800&amp;ssl=1\" loading=\"lazy\" width=\"2048\" height=\"2048\" src=\"https:\/\/i1.wp.com\/rutillustration.com\/wp-content\/uploads\/2021\/03\/MANUALIDAD-DIA-DEL-AGUA.jpg?fit=2048%2C2048&amp;ssl=1\" alt=\"\" class=\"wp-image-767\" srcset=\"https:\/\/i1.wp.com\/rutillustration.com\/wp-content\/uploads\/2021\/03\/MANUALIDAD-DIA-DEL-AGUA.jpg?w=2048&amp;ssl=1 2048w, https:\/\/i1.wp.com\/rutillustration.com\/wp-content\/uploads\/2021\/03\/MANUALIDAD-DIA-DEL-AGUA.jpg?resize=300%2C300&amp;ssl=1 300w, https:\/\/i1.wp.com\/rutillustration.com\/wp-content\/uploads\/2021\/03\/MANUALIDAD-DIA-DEL-AGUA.jpg?resize=1024%2C1024&amp;ssl=1 1024w, https:\/\/i1.wp.com\/rutillustration.com\/wp-content\/uploads\/2021\/03\/MANUALIDAD-DIA-DEL-AGUA.jpg?resize=150%2C150&amp;ssl=1 150w, https:\/\/i1.wp.com\/rutillustration.com\/wp-content\/uploads\/2021\/03\/MANUALIDAD-DIA-DEL-AGUA.jpg?resize=768%2C768&amp;ssl=1 768w, https:\/\/i1.wp.com\/rutillustration.com\/wp-content\/uploads\/2021\/03\/MANUALIDAD-DIA-DEL-AGUA.jpg?resize=1536%2C1536&amp;ssl=1 1536w, https:\/\/i1.wp.com\/rutillustration.com\/wp-content\/uploads\/2021\/03\/MANUALIDAD-DIA-DEL-AGUA.jpg?w=1600&amp;ssl=1 1600w\" sizes=\"(max-width: 800px) 100vw, 800px\" \/><\/figure>\n","protected":false},"excerpt":{"rendered":"<p>Pincha aqu\u00ed para descargar Pincha aqu\u00ed para descargar Pincha aqu\u00ed para descargar<\/p>\n","protected":false},"author":1,"featured_media":0,"parent":0,"menu_order":0,"comment_status":"closed","ping_status":"closed","template":"","meta":[],"_links":{"self":[{"href":"https:\/\/rutillustration.com\/index.php\/wp-json\/wp\/v2\/pages\/584"}],"collection":[{"href":"https:\/\/rutillustration.com\/index.php\/wp-json\/wp\/v2\/pages"}],"about":[{"href":"https:\/\/rutillustration.com\/index.php\/wp-json\/wp\/v2\/types\/page"}],"author":[{"embeddable":true,"href":"https:\/\/rutillustration.com\/index.php\/wp-json\/wp\/v2\/users\/1"}],"replies":[{"embeddable":true,"href":"https:\/\/rutillustration.com\/index.php\/wp-json\/wp\/v2\/comments?post=584"}],"version-history":[{"count":12,"href":"https:\/\/rutillustration.com\/index.php\/wp-json\/wp\/v2\/pages\/584\/revisions"}],"predecessor-version":[{"id":768,"href":"https:\/\/rutillustration.com\/index.php\/wp-json\/wp\/v2\/pages\/584\/revisions\/768"}],"wp:attachment":[{"href":"https:\/\/rutillustration.com\/index.php\/wp-json\/wp\/v2\/media?parent=584"}],"curies":[{"name":"wp","href":"https:\/\/api.w.org\/{rel}","templated":true}]}}