{"id":95,"date":"2017-06-30T19:35:21","date_gmt":"2017-06-30T19:35:21","guid":{"rendered":"http:\/\/rutillustration.com\/?page_id=95"},"modified":"2025-07-23T14:06:49","modified_gmt":"2025-07-23T14:06:49","slug":"about","status":"publish","type":"page","link":"https:\/\/rutillustration.com\/index.php\/about\/","title":{"rendered":"About"},"content":{"rendered":"\n<figure class=\"wp-block-image size-full\"><img data-attachment-id=\"403\" data-permalink=\"https:\/\/rutillustration.com\/index.php\/about\/olympus-digital-camera\/\" data-orig-file=\"https:\/\/i0.wp.com\/rutillustration.com\/wp-content\/uploads\/2017\/06\/FOTO-PERFIL-72.jpg?fit=2048%2C1536&amp;ssl=1\" data-orig-size=\"2048,1536\" data-comments-opened=\"0\" data-image-meta=\"{&quot;aperture&quot;:&quot;2&quot;,&quot;credit&quot;:&quot;&quot;,&quot;camera&quot;:&quot;XZ-2&quot;,&quot;caption&quot;:&quot;OLYMPUS DIGITAL CAMERA&quot;,&quot;created_timestamp&quot;:&quot;1514039267&quot;,&quot;copyright&quot;:&quot;&quot;,&quot;focal_length&quot;:&quot;8.1&quot;,&quot;iso&quot;:&quot;320&quot;,&quot;shutter_speed&quot;:&quot;0.01&quot;,&quot;title&quot;:&quot;OLYMPUS DIGITAL CAMERA&quot;,&quot;orientation&quot;:&quot;1&quot;}\" data-image-title=\"OLYMPUS DIGITAL CAMERA\" data-image-description=\"\" data-medium-file=\"https:\/\/i0.wp.com\/rutillustration.com\/wp-content\/uploads\/2017\/06\/FOTO-PERFIL-72.jpg?fit=300%2C225&amp;ssl=1\" data-large-file=\"https:\/\/i0.wp.com\/rutillustration.com\/wp-content\/uploads\/2017\/06\/FOTO-PERFIL-72.jpg?fit=800%2C600&amp;ssl=1\" loading=\"lazy\" width=\"2048\" height=\"1536\" src=\"https:\/\/i0.wp.com\/rutillustration.com\/wp-content\/uploads\/2017\/06\/FOTO-PERFIL-72.jpg?fit=2048%2C1536&amp;ssl=1\" alt=\"\" class=\"wp-image-403\" srcset=\"https:\/\/i0.wp.com\/rutillustration.com\/wp-content\/uploads\/2017\/06\/FOTO-PERFIL-72.jpg?w=2048&amp;ssl=1 2048w, https:\/\/i0.wp.com\/rutillustration.com\/wp-content\/uploads\/2017\/06\/FOTO-PERFIL-72.jpg?resize=300%2C225&amp;ssl=1 300w, https:\/\/i0.wp.com\/rutillustration.com\/wp-content\/uploads\/2017\/06\/FOTO-PERFIL-72.jpg?resize=768%2C576&amp;ssl=1 768w, https:\/\/i0.wp.com\/rutillustration.com\/wp-content\/uploads\/2017\/06\/FOTO-PERFIL-72.jpg?resize=1024%2C768&amp;ssl=1 1024w, https:\/\/i0.wp.com\/rutillustration.com\/wp-content\/uploads\/2017\/06\/FOTO-PERFIL-72.jpg?w=1600&amp;ssl=1 1600w\" sizes=\"(max-width: 800px) 100vw, 800px\" \/><\/figure>\n\n\n\n<p>Rut Gonz\u00e1lez es autora e ilustradora de \u00e1lbumes ilustrados. Est\u00e1 especializada en ilustraci\u00f3n infantil. Diplomada en ilustraci\u00f3n por la escuela ESDIP de Madrid.<\/p>\n\n\n\n<p>Le encanta dibujar personajes adorables, escenarios m\u00e1gicos y criaturas encantadoras.<\/p>\n\n\n\n<p>Dibuja sobre todo en digital, aunque siempre empieza sus dibujos con un papel y un l\u00e1piz en la mano. Adora experimentar con texturas, crear nuevos pinceles y probar colores.<\/p>\n\n\n\n<p>Cuando no est\u00e1 ilustrando puedes encontrarla haciendo teatro de improvisaci\u00f3n, leyendo o haciendo senderismo.<\/p>\n\n\n\n<p>Ha trabajado en Publicidad durante m\u00e1s de 10 a\u00f1os para clientes como: Kellogg\u00b4s,&nbsp;Coca-Cola, Dodot, Evax, Ausonia, Tampax, Fairy, Olay, Gillette, Pantene, Oral-B, Nivea, Rumbo, Almir\u00f3n, entre otros.<\/p>\n\n\n\n<p>Le encantan los gatos, el chocolate, la m\u00fasica y el mar.<\/p>\n\n\n\n<p>Estar\u00e1 encantada de trabajar contigo, escuchar tu propuesta o simplemente tomar un caf\u00e9 para intercambiar ideas.<\/p>\n\n\n\n<p>Bienvenid@.<\/p>\n\n\n\n<p>Rut Gonz\u00e1lez is a picture books author and illustrator. She specializes in children&#8217;s illustration. Graduated in illustration by ESDIP School of Madrid.<\/p>\n\n\n\n<p>She loves drawing adorable characters, magical scenes and lovely creatures.<\/p>\n\n\n\n<p>She especially draws in digital medium, although she always begins her drawings with a paper and a pencil in her hand. She loves experimenting with textures, creating new brushes and testing colors.<\/p>\n\n\n\n<p>When she is not drawing, you can find her improvising, reading or hiking.<\/p>\n\n\n\n<p>She has worked on Advertisement for more than 10 years for customers such as: Kellogg\u00b4s,&nbsp;Coca-Cola, Dodot, Evax, Ausonia, Tampax, Fairy, Olay, Gillette, Pantene, Oral-B, Nivea, Rumbo, Almir\u00f3n, among others.<\/p>\n\n\n\n<p>She loves cats, chocolate, music and sea.<\/p>\n\n\n\n<p>She will be happy to work with you, to listen to your proposals or just having a coffee to sharing ideas.<\/p>\n\n\n\n<p>Welcome.<\/p>\n","protected":false},"excerpt":{"rendered":"<p>Rut Gonz\u00e1lez es autora e ilustradora de \u00e1lbumes ilustrados. Est\u00e1 especializada en ilustraci\u00f3n infantil. Diplomada en ilustraci\u00f3n por la escuela ESDIP de Madrid. Le encanta dibujar personajes adorables, escenarios m\u00e1gicos y criaturas encantadoras. Dibuja sobre todo en digital, aunque siempre empieza sus dibujos con un papel y un l\u00e1piz en la mano. Adora experimentar con<\/p>\n","protected":false},"author":1,"featured_media":0,"parent":0,"menu_order":0,"comment_status":"closed","ping_status":"closed","template":"","meta":[],"_links":{"self":[{"href":"https:\/\/rutillustration.com\/index.php\/wp-json\/wp\/v2\/pages\/95"}],"collection":[{"href":"https:\/\/rutillustration.com\/index.php\/wp-json\/wp\/v2\/pages"}],"about":[{"href":"https:\/\/rutillustration.com\/index.php\/wp-json\/wp\/v2\/types\/page"}],"author":[{"embeddable":true,"href":"https:\/\/rutillustration.com\/index.php\/wp-json\/wp\/v2\/users\/1"}],"replies":[{"embeddable":true,"href":"https:\/\/rutillustration.com\/index.php\/wp-json\/wp\/v2\/comments?post=95"}],"version-history":[{"count":28,"href":"https:\/\/rutillustration.com\/index.php\/wp-json\/wp\/v2\/pages\/95\/revisions"}],"predecessor-version":[{"id":856,"href":"https:\/\/rutillustration.com\/index.php\/wp-json\/wp\/v2\/pages\/95\/revisions\/856"}],"wp:attachment":[{"href":"https:\/\/rutillustration.com\/index.php\/wp-json\/wp\/v2\/media?parent=95"}],"curies":[{"name":"wp","href":"https:\/\/api.w.org\/{rel}","templated":true}]}}